{"id":450,"date":"2018-10-12T11:07:23","date_gmt":"2018-10-12T10:07:23","guid":{"rendered":"https:\/\/www.hydems.fr\/?page_id=450"},"modified":"2025-01-23T14:21:04","modified_gmt":"2025-01-23T13:21:04","slug":"la-societe","status":"publish","type":"page","link":"https:\/\/hydems.fr\/wordpress\/qui-sommes-nous\/la-societe\/","title":{"rendered":"La soci\u00e9t\u00e9"},"content":{"rendered":"","protected":false},"excerpt":{"rendered":"","protected":false},"author":1,"featured_media":0,"parent":448,"menu_order":0,"comment_status":"closed","ping_status":"closed","template":"","meta":{"_acf_changed":false,"footnotes":""},"class_list":["post-450","page","type-page","status-publish"],"acf":[],"yoast_head":"<!-- This site is optimized with the Yoast SEO plugin v27.4 - https:\/\/yoast.com\/product\/yoast-seo-wordpress\/ -->\n<title>\u00c0 propos d&#039;Hydems<\/title>\n<meta name=\"description\" content=\"Apprenez-en plus sur Hydems, sp\u00e9cialiste en formation hydraulique. Une \u00e9quipe de passionn\u00e9s d&#039;hydraulique, soucieux de transmettre leurs connaissances.\" \/>\n<meta name=\"robots\" content=\"index, follow, max-snippet:-1, max-image-preview:large, max-video-preview:-1\" \/>\n<link rel=\"canonical\" href=\"https:\/\/hydems.fr\/wordpress\/qui-sommes-nous\/la-societe\/\" \/>\n<meta property=\"og:locale\" content=\"fr_FR\" \/>\n<meta property=\"og:type\" content=\"article\" \/>\n<meta property=\"og:title\" content=\"\u00c0 propos d&#039;Hydems\" \/>\n<meta property=\"og:description\" content=\"Apprenez-en plus sur Hydems, sp\u00e9cialiste en formation hydraulique. Une \u00e9quipe de passionn\u00e9s d&#039;hydraulique, soucieux de transmettre leurs connaissances.\" \/>\n<meta property=\"og:url\" content=\"https:\/\/hydems.fr\/wordpress\/qui-sommes-nous\/la-societe\/\" \/>\n<meta property=\"og:site_name\" content=\"Hydems\" \/>\n<meta property=\"article:modified_time\" content=\"2025-01-23T13:21:04+00:00\" \/>\n<meta name=\"twitter:card\" content=\"summary_large_image\" \/>\n<script type=\"application\/ld+json\" class=\"yoast-schema-graph\">{\"@context\":\"https:\\\/\\\/schema.org\",\"@graph\":[{\"@type\":\"WebPage\",\"@id\":\"https:\\\/\\\/hydems.fr\\\/wordpress\\\/qui-sommes-nous\\\/la-societe\\\/\",\"url\":\"https:\\\/\\\/hydems.fr\\\/wordpress\\\/qui-sommes-nous\\\/la-societe\\\/\",\"name\":\"\u00c0 propos d'Hydems\",\"isPartOf\":{\"@id\":\"https:\\\/\\\/hydems.fr\\\/wordpress\\\/#website\"},\"datePublished\":\"2018-10-12T10:07:23+00:00\",\"dateModified\":\"2025-01-23T13:21:04+00:00\",\"description\":\"Apprenez-en plus sur Hydems, sp\u00e9cialiste en formation hydraulique. Une \u00e9quipe de passionn\u00e9s d'hydraulique, soucieux de transmettre leurs connaissances.\",\"breadcrumb\":{\"@id\":\"https:\\\/\\\/hydems.fr\\\/wordpress\\\/qui-sommes-nous\\\/la-societe\\\/#breadcrumb\"},\"inLanguage\":\"fr-FR\",\"potentialAction\":[{\"@type\":\"ReadAction\",\"target\":[\"https:\\\/\\\/hydems.fr\\\/wordpress\\\/qui-sommes-nous\\\/la-societe\\\/\"]}]},{\"@type\":\"BreadcrumbList\",\"@id\":\"https:\\\/\\\/hydems.fr\\\/wordpress\\\/qui-sommes-nous\\\/la-societe\\\/#breadcrumb\",\"itemListElement\":[{\"@type\":\"ListItem\",\"position\":1,\"name\":\"Accueil\",\"item\":\"https:\\\/\\\/hydems.fr\\\/wordpress\\\/\"},{\"@type\":\"ListItem\",\"position\":2,\"name\":\"Qui sommes-nous ?\",\"item\":\"https:\\\/\\\/hydems.fr\\\/wordpress\\\/qui-sommes-nous\\\/\"},{\"@type\":\"ListItem\",\"position\":3,\"name\":\"La soci\u00e9t\u00e9\"}]},{\"@type\":\"WebSite\",\"@id\":\"https:\\\/\\\/hydems.fr\\\/wordpress\\\/#website\",\"url\":\"https:\\\/\\\/hydems.fr\\\/wordpress\\\/\",\"name\":\"Hydems\",\"description\":\"\",\"potentialAction\":[{\"@type\":\"SearchAction\",\"target\":{\"@type\":\"EntryPoint\",\"urlTemplate\":\"https:\\\/\\\/hydems.fr\\\/wordpress\\\/?s={search_term_string}\"},\"query-input\":{\"@type\":\"PropertyValueSpecification\",\"valueRequired\":true,\"valueName\":\"search_term_string\"}}],\"inLanguage\":\"fr-FR\"}]}<\/script>\n<!-- \/ Yoast SEO plugin. -->","yoast_head_json":{"title":"\u00c0 propos d'Hydems","description":"Apprenez-en plus sur Hydems, sp\u00e9cialiste en formation hydraulique. Une \u00e9quipe de passionn\u00e9s d'hydraulique, soucieux de transmettre leurs connaissances.","robots":{"index":"index","follow":"follow","max-snippet":"max-snippet:-1","max-image-preview":"max-image-preview:large","max-video-preview":"max-video-preview:-1"},"canonical":"https:\/\/hydems.fr\/wordpress\/qui-sommes-nous\/la-societe\/","og_locale":"fr_FR","og_type":"article","og_title":"\u00c0 propos d'Hydems","og_description":"Apprenez-en plus sur Hydems, sp\u00e9cialiste en formation hydraulique. Une \u00e9quipe de passionn\u00e9s d'hydraulique, soucieux de transmettre leurs connaissances.","og_url":"https:\/\/hydems.fr\/wordpress\/qui-sommes-nous\/la-societe\/","og_site_name":"Hydems","article_modified_time":"2025-01-23T13:21:04+00:00","twitter_card":"summary_large_image","schema":{"@context":"https:\/\/schema.org","@graph":[{"@type":"WebPage","@id":"https:\/\/hydems.fr\/wordpress\/qui-sommes-nous\/la-societe\/","url":"https:\/\/hydems.fr\/wordpress\/qui-sommes-nous\/la-societe\/","name":"\u00c0 propos d'Hydems","isPartOf":{"@id":"https:\/\/hydems.fr\/wordpress\/#website"},"datePublished":"2018-10-12T10:07:23+00:00","dateModified":"2025-01-23T13:21:04+00:00","description":"Apprenez-en plus sur Hydems, sp\u00e9cialiste en formation hydraulique. Une \u00e9quipe de passionn\u00e9s d'hydraulique, soucieux de transmettre leurs connaissances.","breadcrumb":{"@id":"https:\/\/hydems.fr\/wordpress\/qui-sommes-nous\/la-societe\/#breadcrumb"},"inLanguage":"fr-FR","potentialAction":[{"@type":"ReadAction","target":["https:\/\/hydems.fr\/wordpress\/qui-sommes-nous\/la-societe\/"]}]},{"@type":"BreadcrumbList","@id":"https:\/\/hydems.fr\/wordpress\/qui-sommes-nous\/la-societe\/#breadcrumb","itemListElement":[{"@type":"ListItem","position":1,"name":"Accueil","item":"https:\/\/hydems.fr\/wordpress\/"},{"@type":"ListItem","position":2,"name":"Qui sommes-nous ?","item":"https:\/\/hydems.fr\/wordpress\/qui-sommes-nous\/"},{"@type":"ListItem","position":3,"name":"La soci\u00e9t\u00e9"}]},{"@type":"WebSite","@id":"https:\/\/hydems.fr\/wordpress\/#website","url":"https:\/\/hydems.fr\/wordpress\/","name":"Hydems","description":"","potentialAction":[{"@type":"SearchAction","target":{"@type":"EntryPoint","urlTemplate":"https:\/\/hydems.fr\/wordpress\/?s={search_term_string}"},"query-input":{"@type":"PropertyValueSpecification","valueRequired":true,"valueName":"search_term_string"}}],"inLanguage":"fr-FR"}]}},"_links":{"self":[{"href":"https:\/\/hydems.fr\/wordpress\/wp-json\/wp\/v2\/pages\/450","targetHints":{"allow":["GET"]}}],"collection":[{"href":"https:\/\/hydems.fr\/wordpress\/wp-json\/wp\/v2\/pages"}],"about":[{"href":"https:\/\/hydems.fr\/wordpress\/wp-json\/wp\/v2\/types\/page"}],"author":[{"embeddable":true,"href":"https:\/\/hydems.fr\/wordpress\/wp-json\/wp\/v2\/users\/1"}],"replies":[{"embeddable":true,"href":"https:\/\/hydems.fr\/wordpress\/wp-json\/wp\/v2\/comments?post=450"}],"version-history":[{"count":0,"href":"https:\/\/hydems.fr\/wordpress\/wp-json\/wp\/v2\/pages\/450\/revisions"}],"up":[{"embeddable":true,"href":"https:\/\/hydems.fr\/wordpress\/wp-json\/wp\/v2\/pages\/448"}],"wp:attachment":[{"href":"https:\/\/hydems.fr\/wordpress\/wp-json\/wp\/v2\/media?parent=450"}],"curies":[{"name":"wp","href":"https:\/\/api.w.org\/{rel}","templated":true}]}}